{"id":5895,"date":"2025-06-12T02:08:22","date_gmt":"2025-06-12T02:08:22","guid":{"rendered":"https:\/\/p4.rvinfo.com.br\/?page_id=5895"},"modified":"2026-01-12T13:08:08","modified_gmt":"2026-01-12T13:08:08","slug":"areas-de-atuacao","status":"publish","type":"page","link":"https:\/\/chiode.com.br\/en\/areas-de-atuacao\/","title":{"rendered":"Areas of Activity"},"content":{"rendered":"<div data-elementor-type=\"wp-page\" data-elementor-id=\"5895\" class=\"elementor elementor-5895\">\n\t\t\t\t<div class=\"elementor-element elementor-element-80313a5 e-flex e-con-boxed e-con e-parent\" data-id=\"80313a5\" data-element_type=\"container\" data-settings=\"{&quot;background_background&quot;:&quot;classic&quot;}\">\r\n\t\t\t\t\t<div class=\"e-con-inner\">\r\n\t\t<div class=\"elementor-element elementor-element-1afef3c e-con-full e-flex e-con e-child\" data-id=\"1afef3c\" data-element_type=\"container\">\r\n\t\t\t\t<div class=\"elementor-element elementor-element-5338139 elementor-widget elementor-widget-heading\" data-id=\"5338139\" data-element_type=\"widget\" data-widget_type=\"heading.default\">\n\t\t\t\t<div class=\"elementor-widget-container\">\n\t\t\t\t\t<h2 class=\"elementor-heading-title elementor-size-default\">Areas of Activity<\/h2>\t\t\t\t<\/div>\n\t\t\t\t<\/div>\n\t\t\t\t<\/div>\n\t\t<div class=\"elementor-element elementor-element-6d7ad04 e-con-full e-flex e-con e-child\" data-id=\"6d7ad04\" data-element_type=\"container\" data-settings=\"{&quot;background_background&quot;:&quot;classic&quot;}\">\r\n\t\t\t\t<\/div>\n\t\t\t\t\t<\/div>\n\t\t\t\t<\/div>\n\t\t<div class=\"elementor-element elementor-element-c81c30e e-flex e-con-boxed e-con e-parent\" data-id=\"c81c30e\" data-element_type=\"container\" data-settings=\"{&quot;background_background&quot;:&quot;classic&quot;}\">\r\n\t\t\t\t\t<div class=\"e-con-inner\">\r\n\t\t<div class=\"elementor-element elementor-element-6c3024a e-con-full e-flex e-con e-child\" data-id=\"6c3024a\" data-element_type=\"container\">\r\n\t\t\t\t<div class=\"elementor-element elementor-element-eddaf3d elementor-widget__width-initial elementor-widget-tablet_extra__width-initial elementor-widget elementor-widget-heading\" data-id=\"eddaf3d\" data-element_type=\"widget\" data-widget_type=\"heading.default\">\n\t\t\t\t<div class=\"elementor-widget-container\">\n\t\t\t\t\t<h3 class=\"elementor-heading-title elementor-size-default\">Expertise that transforms<\/h3>\t\t\t\t<\/div>\n\t\t\t\t<\/div>\n\t\t\t\t<div class=\"elementor-element elementor-element-5fdb0af elementor-widget__width-inherit elementor-widget elementor-widget-heading\" data-id=\"5fdb0af\" data-element_type=\"widget\" data-widget_type=\"heading.default\">\n\t\t\t\t<div class=\"elementor-widget-container\">\n\t\t\t\t\t<h2 class=\"elementor-heading-title elementor-size-default\">We combine legal expertise and business acumen to offer tailored solutions to various sectors of the economy. Our multidisciplinary team operates from preventative consulting to crisis management, ensuring efficiency, innovation, and legal security in all our clients&#039; decisions and operations.<\/h2>\t\t\t\t<\/div>\n\t\t\t\t<\/div>\n\t\t\t\t<\/div>\n\t\t\t\t<div class=\"elementor-element elementor-element-1debfb0 elementor-widget elementor-widget-image\" data-id=\"1debfb0\" data-element_type=\"widget\" data-widget_type=\"image.default\">\n\t\t\t\t<div class=\"elementor-widget-container\">\n\t\t\t\t\t\t\t\t\t\t\t\t\t\t\t<img fetchpriority=\"high\" decoding=\"async\" width=\"1024\" height=\"681\" src=\"https:\/\/chiode.com.br\/wp-content\/uploads\/2025\/06\/22042632ff7b6826b2bafd6e70f5423ff35d51cd-1024x681.jpg\" class=\"attachment-large size-large wp-image-5902\" alt=\"\" srcset=\"https:\/\/chiode.com.br\/wp-content\/uploads\/2025\/06\/22042632ff7b6826b2bafd6e70f5423ff35d51cd-1024x681.jpg 1024w, https:\/\/chiode.com.br\/wp-content\/uploads\/2025\/06\/22042632ff7b6826b2bafd6e70f5423ff35d51cd-768x511.jpg 768w, https:\/\/chiode.com.br\/wp-content\/uploads\/2025\/06\/22042632ff7b6826b2bafd6e70f5423ff35d51cd-640x426.jpg 640w, https:\/\/chiode.com.br\/wp-content\/uploads\/2025\/06\/22042632ff7b6826b2bafd6e70f5423ff35d51cd-400x266.jpg 400w, https:\/\/chiode.com.br\/wp-content\/uploads\/2025\/06\/22042632ff7b6826b2bafd6e70f5423ff35d51cd-367x244.jpg 367w\" sizes=\"(max-width: 1024px) 100vw, 1024px\" title=\"\">\t\t\t\t\t\t\t\t\t\t\t\t\t\t\t<\/div>\n\t\t\t\t<\/div>\n\t\t\t\t\t<\/div>\n\t\t\t\t<\/div>\n\t\t<div class=\"elementor-element elementor-element-c190f65 e-flex e-con-boxed e-con e-parent\" data-id=\"c190f65\" data-element_type=\"container\">\r\n\t\t\t\t\t<div class=\"e-con-inner\">\r\n\t\t\t\t\t<\/div>\n\t\t\t\t<\/div>\n\t\t<div class=\"elementor-element elementor-element-e529c0b e-flex e-con-boxed e-con e-parent\" data-id=\"e529c0b\" data-element_type=\"container\" id=\"atuacao-privada\">\r\n\t\t\t\t\t<div class=\"e-con-inner\">\r\n\t\t<div class=\"elementor-element elementor-element-7703c57 e-con-full e-flex e-con e-child\" data-id=\"7703c57\" data-element_type=\"container\">\r\n\t\t\t\t<div class=\"elementor-element elementor-element-9b7cc9b elementor-widget elementor-widget-heading\" data-id=\"9b7cc9b\" data-element_type=\"widget\" data-widget_type=\"heading.default\">\n\t\t\t\t<div class=\"elementor-widget-container\">\n\t\t\t\t\t<h4 class=\"elementor-heading-title elementor-size-default\">Areas of Activity<\/h4>\t\t\t\t<\/div>\n\t\t\t\t<\/div>\n\t\t\t\t<div class=\"elementor-element elementor-element-da6e71c elementor-widget elementor-widget-text-editor\" data-id=\"da6e71c\" data-element_type=\"widget\" data-widget_type=\"text-editor.default\">\n\t\t\t\t<div class=\"elementor-widget-container\">\n\t\t\t\t\t\t\t\t\t<p><span style=\"font-weight: 400;\">We offer strategic and ongoing consulting services so that our clients are prepared to handle labor and corporate issues safely and efficiently. We promote continuous training and customized workshops, helping companies comply with legislation, prevent risks, and make decisions aligned with their business objectives.\u00a0 <\/span><\/p><p><span style=\"font-weight: 400;\">Our areas of expertise include:<\/span><\/p><ul><li style=\"font-weight: 400;\" aria-level=\"1\"><span style=\"font-weight: 400;\">Labor Law<\/span><span style=\"font-weight: 400;\"><br \/><\/span><\/li><li style=\"font-weight: 400;\" aria-level=\"1\"><span style=\"font-weight: 400;\">Social Security and Tax<\/span><span style=\"font-weight: 400;\"><br \/><\/span><\/li><li style=\"font-weight: 400;\" aria-level=\"1\"><span style=\"font-weight: 400;\">Civil<\/span><span style=\"font-weight: 400;\"> and Contracts<\/span><span style=\"font-weight: 400;\"><br \/><\/span><\/li><li style=\"font-weight: 400;\" aria-level=\"1\"><span style=\"font-weight: 400;\">Privacy and Data Protection<\/span><span style=\"font-weight: 400;\"><br \/><\/span><\/li><li style=\"font-weight: 400;\" aria-level=\"1\"><span style=\"font-weight: 400;\">Corporate Training<\/span><\/li><\/ul>\t\t\t\t\t\t\t\t<\/div>\n\t\t\t\t<\/div>\n\t\t\t\t<\/div>\n\t\t<div class=\"elementor-element elementor-element-8acbbad e-con-full e-flex e-con e-child\" data-id=\"8acbbad\" data-element_type=\"container\">\r\n\t\t\t\t<div class=\"elementor-element elementor-element-088065a elementor-widget elementor-widget-image\" data-id=\"088065a\" data-element_type=\"widget\" data-widget_type=\"image.default\">\n\t\t\t\t<div class=\"elementor-widget-container\">\n\t\t\t\t\t\t\t\t\t\t\t\t\t\t\t<img decoding=\"async\" width=\"1024\" height=\"683\" src=\"https:\/\/chiode.com.br\/wp-content\/uploads\/2025\/06\/02528190391eab0af34742e090c1f46b17fa9fc5-1-1024x683.jpg\" class=\"attachment-large size-large wp-image-5898\" alt=\"\" srcset=\"https:\/\/chiode.com.br\/wp-content\/uploads\/2025\/06\/02528190391eab0af34742e090c1f46b17fa9fc5-1-1024x683.jpg 1024w, https:\/\/chiode.com.br\/wp-content\/uploads\/2025\/06\/02528190391eab0af34742e090c1f46b17fa9fc5-1-768x512.jpg 768w, https:\/\/chiode.com.br\/wp-content\/uploads\/2025\/06\/02528190391eab0af34742e090c1f46b17fa9fc5-1-640x427.jpg 640w, https:\/\/chiode.com.br\/wp-content\/uploads\/2025\/06\/02528190391eab0af34742e090c1f46b17fa9fc5-1-400x267.jpg 400w, https:\/\/chiode.com.br\/wp-content\/uploads\/2025\/06\/02528190391eab0af34742e090c1f46b17fa9fc5-1-367x245.jpg 367w\" sizes=\"(max-width: 1024px) 100vw, 1024px\" title=\"\">\t\t\t\t\t\t\t\t\t\t\t\t\t\t\t<\/div>\n\t\t\t\t<\/div>\n\t\t\t\t<\/div>\n\t\t\t\t\t<\/div>\n\t\t\t\t<\/div>\n\t\t<div class=\"elementor-element elementor-element-3cb9812 e-flex e-con-boxed e-con e-parent\" data-id=\"3cb9812\" data-element_type=\"container\">\r\n\t\t\t\t\t<div class=\"e-con-inner\">\r\n\t\t<div class=\"elementor-element elementor-element-c3b86cb e-con-full e-flex e-con e-child\" data-id=\"c3b86cb\" data-element_type=\"container\">\r\n\t\t\t\t<div class=\"elementor-element elementor-element-498f194 elementor-widget elementor-widget-image\" data-id=\"498f194\" data-element_type=\"widget\" data-widget_type=\"image.default\">\n\t\t\t\t<div class=\"elementor-widget-container\">\n\t\t\t\t\t\t\t\t\t\t\t\t\t\t\t<img decoding=\"async\" width=\"1024\" height=\"683\" src=\"https:\/\/chiode.com.br\/wp-content\/uploads\/2025\/06\/ba07e9c493353ea3d7fff92d0f22921dd8946d5b-1024x683.jpg\" class=\"attachment-large size-large wp-image-5905\" alt=\"\" srcset=\"https:\/\/chiode.com.br\/wp-content\/uploads\/2025\/06\/ba07e9c493353ea3d7fff92d0f22921dd8946d5b-1024x683.jpg 1024w, https:\/\/chiode.com.br\/wp-content\/uploads\/2025\/06\/ba07e9c493353ea3d7fff92d0f22921dd8946d5b-768x512.jpg 768w, https:\/\/chiode.com.br\/wp-content\/uploads\/2025\/06\/ba07e9c493353ea3d7fff92d0f22921dd8946d5b-640x427.jpg 640w, https:\/\/chiode.com.br\/wp-content\/uploads\/2025\/06\/ba07e9c493353ea3d7fff92d0f22921dd8946d5b-400x267.jpg 400w, https:\/\/chiode.com.br\/wp-content\/uploads\/2025\/06\/ba07e9c493353ea3d7fff92d0f22921dd8946d5b-367x245.jpg 367w\" sizes=\"(max-width: 1024px) 100vw, 1024px\" title=\"\">\t\t\t\t\t\t\t\t\t\t\t\t\t\t\t<\/div>\n\t\t\t\t<\/div>\n\t\t\t\t<\/div>\n\t\t<div class=\"elementor-element elementor-element-ade480e e-con-full e-flex e-con e-child\" data-id=\"ade480e\" data-element_type=\"container\">\r\n\t\t\t\t<div class=\"elementor-element elementor-element-b5f5664 elementor-widget elementor-widget-heading\" data-id=\"b5f5664\" data-element_type=\"widget\" data-widget_type=\"heading.default\">\n\t\t\t\t<div class=\"elementor-widget-container\">\n\t\t\t\t\t<h4 class=\"elementor-heading-title elementor-size-default\">Industries<\/h4>\t\t\t\t<\/div>\n\t\t\t\t<\/div>\n\t\t\t\t<div class=\"elementor-element elementor-element-285be46 elementor-widget elementor-widget-text-editor\" data-id=\"285be46\" data-element_type=\"widget\" data-widget_type=\"text-editor.default\">\n\t\t\t\t<div class=\"elementor-widget-container\">\n\t\t\t\t\t\t\t\t\t<p><span style=\"font-weight: 400;\">We operate comprehensively across various sectors of the economy, offering legal and strategic solutions that keep pace with innovation and the regulatory demands of each market. Our multidisciplinary experience allows us to understand the specificities of each segment and propose safe, efficient paths aligned with business objectives.<\/span><\/p><ul class=\"ul1\"><li class=\"li1\">Agribusiness<\/li><li class=\"li1\">Food<\/li><li class=\"li1\">Automotive<\/li><li>Avia\u00e7\u00e3o<\/li><li class=\"li1\">Banking<\/li><li class=\"li1\">Bets<\/li><li class=\"li1\">Education (universities and schools)<\/li><li class=\"li1\">Energy<\/li><li class=\"li1\">Entertainment<\/li><li class=\"li1\">Gaming<\/li><li class=\"li1\">Hospitality (gastronomy and hotel management)<\/li><li class=\"li1\">Infrastructure<\/li><li>Intelig\u00eancia de mercado<\/li><li>Life Sciences &amp; Farmac\u00eautica<\/li><li>Logistics<\/li><li class=\"li1\">Mining<\/li><li class=\"li1\">Digital platforms<\/li><li class=\"li1\">Provision of services in general (including EORs)<\/li><li class=\"li1\">Tobacco<\/li><li class=\"li1\">Technology<\/li><li class=\"li1\">Third sector<\/li><li class=\"li1\">Retail<\/li><\/ul>\t\t\t\t\t\t\t\t<\/div>\n\t\t\t\t<\/div>\n\t\t\t\t<\/div>\n\t\t\t\t\t<\/div>\n\t\t\t\t<\/div>\n\t\t\t\t<\/div>","protected":false},"excerpt":{"rendered":"<p>\u00c1reas de Atua\u00e7\u00e3o Expertise que transforma Unimos conhecimento jur\u00eddico e vis\u00e3o de neg\u00f3cio para oferecer solu\u00e7\u00f5es sob medida a diversos setores da economia. Nossa equipe multidisciplinar atua da consultoria preventiva \u00e0 gest\u00e3o de crises, garantindo efici\u00eancia, inova\u00e7\u00e3o e seguran\u00e7a jur\u00eddica em todas as decis\u00f5es e opera\u00e7\u00f5es de nossos clientes. \u00c1reas de Atua\u00e7\u00e3o Oferecemos assessoria estrat\u00e9gica [&hellip;]<\/p>","protected":false},"author":2,"featured_media":7266,"parent":0,"menu_order":0,"comment_status":"closed","ping_status":"closed","template":"","meta":{"_acf_changed":false,"inline_featured_image":false,"footnotes":""},"class_list":["post-5895","page","type-page","status-publish","has-post-thumbnail","hentry"],"acf":[],"_hostinger_reach_plugin_has_subscription_block":false,"_hostinger_reach_plugin_is_elementor":false,"_links":{"self":[{"href":"https:\/\/chiode.com.br\/en\/wp-json\/wp\/v2\/pages\/5895","targetHints":{"allow":["GET"]}}],"collection":[{"href":"https:\/\/chiode.com.br\/en\/wp-json\/wp\/v2\/pages"}],"about":[{"href":"https:\/\/chiode.com.br\/en\/wp-json\/wp\/v2\/types\/page"}],"author":[{"embeddable":true,"href":"https:\/\/chiode.com.br\/en\/wp-json\/wp\/v2\/users\/2"}],"replies":[{"embeddable":true,"href":"https:\/\/chiode.com.br\/en\/wp-json\/wp\/v2\/comments?post=5895"}],"version-history":[{"count":131,"href":"https:\/\/chiode.com.br\/en\/wp-json\/wp\/v2\/pages\/5895\/revisions"}],"predecessor-version":[{"id":9729,"href":"https:\/\/chiode.com.br\/en\/wp-json\/wp\/v2\/pages\/5895\/revisions\/9729"}],"wp:featuredmedia":[{"embeddable":true,"href":"https:\/\/chiode.com.br\/en\/wp-json\/wp\/v2\/media\/7266"}],"wp:attachment":[{"href":"https:\/\/chiode.com.br\/en\/wp-json\/wp\/v2\/media?parent=5895"}],"curies":[{"name":"wp","href":"https:\/\/api.w.org\/{rel}","templated":true}]}}